{"id":77,"date":"2023-06-12T14:35:54","date_gmt":"2023-06-12T14:35:54","guid":{"rendered":"https:\/\/bernabeulaboral.es\/?page_id=77"},"modified":"2024-12-26T15:22:51","modified_gmt":"2024-12-26T15:22:51","slug":"online-store","status":"publish","type":"page","link":"https:\/\/bernabeulaboral.es\/","title":{"rendered":"Inicio"},"content":{"rendered":"\t\t<div data-elementor-type=\"wp-page\" data-elementor-id=\"77\" class=\"elementor elementor-77\" data-elementor-settings=\"{&quot;element_pack_global_tooltip_width&quot;:{&quot;unit&quot;:&quot;px&quot;,&quot;size&quot;:&quot;&quot;,&quot;sizes&quot;:[]},&quot;element_pack_global_tooltip_width_tablet&quot;:{&quot;unit&quot;:&quot;px&quot;,&quot;size&quot;:&quot;&quot;,&quot;sizes&quot;:[]},&quot;element_pack_global_tooltip_width_mobile&quot;:{&quot;unit&quot;:&quot;px&quot;,&quot;size&quot;:&quot;&quot;,&quot;sizes&quot;:[]},&quot;element_pack_global_tooltip_padding&quot;:{&quot;unit&quot;:&quot;px&quot;,&quot;top&quot;:&quot;&quot;,&quot;right&quot;:&quot;&quot;,&quot;bottom&quot;:&quot;&quot;,&quot;left&quot;:&quot;&quot;,&quot;isLinked&quot;:true},&quot;element_pack_global_tooltip_padding_tablet&quot;:{&quot;unit&quot;:&quot;px&quot;,&quot;top&quot;:&quot;&quot;,&quot;right&quot;:&quot;&quot;,&quot;bottom&quot;:&quot;&quot;,&quot;left&quot;:&quot;&quot;,&quot;isLinked&quot;:true},&quot;element_pack_global_tooltip_padding_mobile&quot;:{&quot;unit&quot;:&quot;px&quot;,&quot;top&quot;:&quot;&quot;,&quot;right&quot;:&quot;&quot;,&quot;bottom&quot;:&quot;&quot;,&quot;left&quot;:&quot;&quot;,&quot;isLinked&quot;:true},&quot;element_pack_global_tooltip_border_radius&quot;:{&quot;unit&quot;:&quot;px&quot;,&quot;top&quot;:&quot;&quot;,&quot;right&quot;:&quot;&quot;,&quot;bottom&quot;:&quot;&quot;,&quot;left&quot;:&quot;&quot;,&quot;isLinked&quot;:true},&quot;element_pack_global_tooltip_border_radius_tablet&quot;:{&quot;unit&quot;:&quot;px&quot;,&quot;top&quot;:&quot;&quot;,&quot;right&quot;:&quot;&quot;,&quot;bottom&quot;:&quot;&quot;,&quot;left&quot;:&quot;&quot;,&quot;isLinked&quot;:true},&quot;element_pack_global_tooltip_border_radius_mobile&quot;:{&quot;unit&quot;:&quot;px&quot;,&quot;top&quot;:&quot;&quot;,&quot;right&quot;:&quot;&quot;,&quot;bottom&quot;:&quot;&quot;,&quot;left&quot;:&quot;&quot;,&quot;isLinked&quot;:true}}\">\n\t\t\t\t<div class=\"elementor-element elementor-element-96b801d e-flex e-con-boxed e-con e-parent\" data-id=\"96b801d\" data-element_type=\"container\">\n\t\t\t\t\t<div class=\"e-con-inner\">\n\t\t\t\t\t<\/div>\n\t\t\t\t<\/div>\n\t\t\t\t<section class=\"elementor-section elementor-top-section elementor-element elementor-element-63fa13c elementor-section-boxed elementor-section-height-default elementor-section-height-default\" data-id=\"63fa13c\" data-element_type=\"section\">\n\t\t\t\t\t\t<div class=\"elementor-container elementor-column-gap-default\">\n\t\t\t\t\t<div class=\"elementor-column elementor-col-100 elementor-top-column elementor-element elementor-element-c788816\" data-id=\"c788816\" data-element_type=\"column\">\n\t\t\t<div class=\"elementor-widget-wrap elementor-element-populated\">\n\t\t\t\t\t\t<section class=\"elementor-section elementor-inner-section elementor-element elementor-element-69903bb elementor-section-boxed elementor-section-height-default elementor-section-height-default\" data-id=\"69903bb\" data-element_type=\"section\" data-settings=\"{&quot;background_background&quot;:&quot;video&quot;,&quot;background_play_on_mobile&quot;:&quot;yes&quot;}\">\n\t\t\t\t\t\t\t<div class=\"elementor-background-overlay\"><\/div>\n\t\t\t\t\t\t\t<div class=\"elementor-container elementor-column-gap-default\">\n\t\t\t\t\t<div class=\"elementor-column elementor-col-100 elementor-inner-column elementor-element elementor-element-b3a0ced bdt-backdrop-filter-yes\" data-id=\"b3a0ced\" data-element_type=\"column\">\n\t\t\t<div class=\"elementor-widget-wrap elementor-element-populated\">\n\t\t\t\t\t\t<div class=\"elementor-element elementor-element-ce12f8e elementor-widget__width-initial elementor-widget elementor-widget-heading\" data-id=\"ce12f8e\" data-element_type=\"widget\" data-widget_type=\"heading.default\">\n\t\t\t\t<div class=\"elementor-widget-container\">\n\t\t\t\t\t<h1 class=\"elementor-heading-title elementor-size-default\">Bernabeu Laboral<\/h1>\t\t\t\t<\/div>\n\t\t\t\t<\/div>\n\t\t\t\t<div class=\"elementor-element elementor-element-6905791 elementor-align-center elementor-widget elementor-widget-button\" data-id=\"6905791\" data-element_type=\"widget\" data-widget_type=\"button.default\">\n\t\t\t\t<div class=\"elementor-widget-container\">\n\t\t\t\t\t\t\t\t\t<div class=\"elementor-button-wrapper\">\n\t\t\t\t\t<a class=\"elementor-button elementor-button-link elementor-size-sm\" href=\"#\">\n\t\t\t\t\t\t<span class=\"elementor-button-content-wrapper\">\n\t\t\t\t\t\t\t\t\t<span class=\"elementor-button-text\">Contacto<\/span>\n\t\t\t\t\t<\/span>\n\t\t\t\t\t<\/a>\n\t\t\t\t<\/div>\n\t\t\t\t\t\t\t\t<\/div>\n\t\t\t\t<\/div>\n\t\t\t\t\t<\/div>\n\t\t<\/div>\n\t\t\t\t\t<\/div>\n\t\t<\/section>\n\t\t\t\t\t<\/div>\n\t\t<\/div>\n\t\t\t\t\t<\/div>\n\t\t<\/section>\n\t\t\t\t<section class=\"elementor-section elementor-top-section elementor-element elementor-element-1da09a2 elementor-section-boxed elementor-section-height-default elementor-section-height-default\" data-id=\"1da09a2\" data-element_type=\"section\">\n\t\t\t\t\t\t<div class=\"elementor-container elementor-column-gap-default\">\n\t\t\t\t\t<div class=\"elementor-column elementor-col-100 elementor-top-column elementor-element elementor-element-953b47c\" data-id=\"953b47c\" data-element_type=\"column\">\n\t\t\t<div class=\"elementor-widget-wrap elementor-element-populated\">\n\t\t\t\t\t\t<div class=\"elementor-element elementor-element-1e5db34 elementor-widget__width-initial elementor-widget elementor-widget-heading\" data-id=\"1e5db34\" data-element_type=\"widget\" data-widget_type=\"heading.default\">\n\t\t\t\t<div class=\"elementor-widget-container\">\n\t\t\t\t\t<h2 class=\"elementor-heading-title elementor-size-default\">Bienvenidos a Bernabeu Laboral<\/h2>\t\t\t\t<\/div>\n\t\t\t\t<\/div>\n\t\t\t\t<div class=\"elementor-element elementor-element-2281f36 elementor-widget__width-auto elementor-widget elementor-widget-button\" data-id=\"2281f36\" data-element_type=\"widget\" data-widget_type=\"button.default\">\n\t\t\t\t<div class=\"elementor-widget-container\">\n\t\t\t\t\t\t\t\t\t<div class=\"elementor-button-wrapper\">\n\t\t\t\t\t<a class=\"elementor-button elementor-size-sm\" role=\"button\">\n\t\t\t\t\t\t<span class=\"elementor-button-content-wrapper\">\n\t\t\t\t\t\t<span class=\"elementor-button-icon\">\n\t\t\t\t<i aria-hidden=\"true\" class=\"ti ti-arrow-right\"><\/i>\t\t\t<\/span>\n\t\t\t\t\t\t\t\t\t<span class=\"elementor-button-text\">Contacto<\/span>\n\t\t\t\t\t<\/span>\n\t\t\t\t\t<\/a>\n\t\t\t\t<\/div>\n\t\t\t\t\t\t\t\t<\/div>\n\t\t\t\t<\/div>\n\t\t\t\t\t<\/div>\n\t\t<\/div>\n\t\t\t\t\t<\/div>\n\t\t<\/section>\n\t\t\t\t<section class=\"elementor-section elementor-top-section elementor-element elementor-element-0b6f1dd elementor-section-boxed elementor-section-height-default elementor-section-height-default\" data-id=\"0b6f1dd\" data-element_type=\"section\">\n\t\t\t\t\t\t<div class=\"elementor-container elementor-column-gap-default\">\n\t\t\t\t\t<div class=\"elementor-column elementor-col-50 elementor-top-column elementor-element elementor-element-7892389\" data-id=\"7892389\" data-element_type=\"column\">\n\t\t\t<div class=\"elementor-widget-wrap elementor-element-populated\">\n\t\t\t\t\t\t<div class=\"elementor-element elementor-element-c7714a0 elementor-widget__width-initial elementor-widget elementor-widget-text-editor\" data-id=\"c7714a0\" data-element_type=\"widget\" data-widget_type=\"text-editor.default\">\n\t\t\t\t<div class=\"elementor-widget-container\">\n\t\t\t\t\t\t\t\t\t<p>En <strong>Bernabeu Laboral<\/strong> nos especializamos en ofrecer ropa laboral de alta calidad, dise\u00f1ada para brindar comodidad, resistencia y funcionalidad en el trabajo diario. Sabemos que un buen uniforme no solo debe ser pr\u00e1ctico, sino tambi\u00e9n reflejar la identidad y profesionalismo de tu equipo. Por eso, en nuestra tienda encontrar\u00e1s una amplia gama de prendas especialmente confeccionadas para adaptarse a las necesidades de distintos sectores laborales, desde la construcci\u00f3n hasta la hosteler\u00eda, pasando por la industria y la sanidad.<\/p>\t\t\t\t\t\t\t\t<\/div>\n\t\t\t\t<\/div>\n\t\t\t\t\t<\/div>\n\t\t<\/div>\n\t\t\t\t<div class=\"elementor-column elementor-col-50 elementor-top-column elementor-element elementor-element-1fa89fe\" data-id=\"1fa89fe\" data-element_type=\"column\" data-settings=\"{&quot;background_background&quot;:&quot;classic&quot;}\">\n\t\t\t<div class=\"elementor-widget-wrap elementor-element-populated\">\n\t\t\t\t\t\t<div class=\"elementor-element elementor-element-2d1b610 elementor-widget elementor-widget-spacer\" data-id=\"2d1b610\" data-element_type=\"widget\" data-widget_type=\"spacer.default\">\n\t\t\t\t<div class=\"elementor-widget-container\">\n\t\t\t\t\t\t\t<div class=\"elementor-spacer\">\r\n\t\t\t<div class=\"elementor-spacer-inner\"><\/div>\r\n\t\t<\/div>\r\n\t\t\t\t\t\t<\/div>\n\t\t\t\t<\/div>\n\t\t\t\t\t<\/div>\n\t\t<\/div>\n\t\t\t\t\t<\/div>\n\t\t<\/section>\n\t\t<div class=\"elementor-element elementor-element-f997c64 e-flex e-con-boxed e-con e-parent\" data-id=\"f997c64\" data-element_type=\"container\">\n\t\t\t\t\t<div class=\"e-con-inner\">\n\t\t\t\t<div class=\"elementor-element elementor-element-76433b1 elementor-widget elementor-widget-spacer\" data-id=\"76433b1\" data-element_type=\"widget\" data-widget_type=\"spacer.default\">\n\t\t\t\t<div class=\"elementor-widget-container\">\n\t\t\t\t\t\t\t<div class=\"elementor-spacer\">\r\n\t\t\t<div class=\"elementor-spacer-inner\"><\/div>\r\n\t\t<\/div>\r\n\t\t\t\t\t\t<\/div>\n\t\t\t\t<\/div>\n\t\t\t\t\t<\/div>\n\t\t\t\t<\/div>\n\t\t<div class=\"elementor-element elementor-element-20b4c60 e-flex e-con-boxed e-con e-parent\" data-id=\"20b4c60\" data-element_type=\"container\">\n\t\t\t\t\t<div class=\"e-con-inner\">\n\t\t\t\t<div class=\"elementor-element elementor-element-5596a1d elementor-widget elementor-widget-heading\" data-id=\"5596a1d\" data-element_type=\"widget\" data-widget_type=\"heading.default\">\n\t\t\t\t<div class=\"elementor-widget-container\">\n\t\t\t\t\t<h2 class=\"elementor-heading-title elementor-size-default\">Compromiso con tu Seguridad y Comodidad<\/h2>\t\t\t\t<\/div>\n\t\t\t\t<\/div>\n\t\t\t\t\t<\/div>\n\t\t\t\t<\/div>\n\t\t<div class=\"elementor-element elementor-element-1ce7687 e-flex e-con-boxed e-con e-parent\" data-id=\"1ce7687\" data-element_type=\"container\">\n\t\t\t\t\t<div class=\"e-con-inner\">\n\t\t\t\t<div class=\"elementor-element elementor-element-a2afa29 elementor-widget elementor-widget-text-editor\" data-id=\"a2afa29\" data-element_type=\"widget\" data-widget_type=\"text-editor.default\">\n\t\t\t\t<div class=\"elementor-widget-container\">\n\t\t\t\t\t\t\t\t\t<p>En <strong>Bernabeu Laboral<\/strong> sabemos lo importante que es sentirse c\u00f3modo y seguro mientras trabajas. Por eso, cada pieza de nuestra colecci\u00f3n ha sido dise\u00f1ada para maximizar la comodidad, el ajuste perfecto y la durabilidad. Adem\u00e1s, nuestra ropa laboral est\u00e1 pensada para adaptarse a todas las estaciones del a\u00f1o, manteni\u00e9ndote a la temperatura ideal y protegi\u00e9ndote de las inclemencias del tiempo.<\/p>\t\t\t\t\t\t\t\t<\/div>\n\t\t\t\t<\/div>\n\t\t\t\t\t<\/div>\n\t\t\t\t<\/div>\n\t\t<div class=\"elementor-element elementor-element-2ffc0df e-flex e-con-boxed e-con e-parent\" data-id=\"2ffc0df\" data-element_type=\"container\">\n\t\t\t\t\t<div class=\"e-con-inner\">\n\t\t\t\t<div class=\"elementor-element elementor-element-0f845c9 elementor-widget elementor-widget-spacer\" data-id=\"0f845c9\" data-element_type=\"widget\" data-widget_type=\"spacer.default\">\n\t\t\t\t<div class=\"elementor-widget-container\">\n\t\t\t\t\t\t\t<div class=\"elementor-spacer\">\r\n\t\t\t<div class=\"elementor-spacer-inner\"><\/div>\r\n\t\t<\/div>\r\n\t\t\t\t\t\t<\/div>\n\t\t\t\t<\/div>\n\t\t\t\t\t<\/div>\n\t\t\t\t<\/div>\n\t\t<div class=\"elementor-element elementor-element-ab8b4d7 e-flex e-con-boxed e-con e-parent\" data-id=\"ab8b4d7\" data-element_type=\"container\">\n\t\t\t\t\t<div class=\"e-con-inner\">\n\t\t<div class=\"elementor-element elementor-element-6b8d3ba e-con-full e-flex e-con e-child\" data-id=\"6b8d3ba\" data-element_type=\"container\">\n\t\t\t\t<div class=\"elementor-element elementor-element-7e4cd04 elementor-widget elementor-widget-bdt-contact-form\" data-id=\"7e4cd04\" data-element_type=\"widget\" data-widget_type=\"bdt-contact-form.default\">\n\t\t\t\t<div class=\"elementor-widget-container\">\n\t\t\t\t\t\t\t<div class=\"bdt-contact-form bdt-contact-form-skin-default\">\n\t\t\t<div class=\"elementor-form-fields-wrapper\">\n\t\t\t\t\t\t<div class=\"bdt-contact-form-wrapper\">\n\t\t\t<form class=\"bdt-contact-form-form bdt-form-stacked bdt-grid bdt-grid-small without-recaptcha\" data-bdt-grid=\"\" action=\"https:\/\/bernabeulaboral.es\/wp-admin\/admin-ajax.php\" method=\"post\">\n\n\t\t\t\t\n\t\t\t\t\t<div class=\"bdt-field-group elementor-field-required bdt-width-1-1\">\n\t\t\t\t\t\t<label for=\"user_name7e4cd04\" class=\"bdt-form-label\">Name*<\/label><div class=\"bdt-form-controls\"><input type=\"text\" name=\"name\" id=\"user_name7e4cd04\" placeholder=\"Your Name\" class=\"bdt-input bdt-form-default\" required =\"required\"><\/div>\t\t\t\t\t<\/div>\n\n\t\t\t\t\t<div class=\"bdt-field-group elementor-field-required bdt-width-1-1\">\n\t\t\t\t\t\t<label for=\"email7e4cd04\" class=\"bdt-form-label\">Email*<\/label><div class=\"bdt-form-controls\"><input type=\"email\" name=\"email\" id=\"email7e4cd04\" placeholder=\"example@email.com\" class=\"bdt-input bdt-form-default\" required=\"required\"><\/div>\t\t\t\t\t<\/div>\n\n\t\t\t\t\t\n\t\t\t\t\t\t\t\t\t\t\t<div class=\"bdt-field-group bdt-width-1-1 elementor-field-required\">\n\t\t\t\t\t\t\t<label for=\"subject7e4cd04\" class=\"bdt-form-label\">Subject*<\/label><div class=\"bdt-form-controls\"><input type=\"text\" name=\"subject\" id=\"subject7e4cd04\" placeholder=\"Your Message Subject\" class=\"bdt-input bdt-form-default\" required=\"required\"><\/div>\t\t\t\t\t\t<\/div>\n\t\t\t\t\t\n\t\t\t\t\t\n\t\t\t\t\t\t\t\t\t\t\t<div class=\"bdt-field-group bdt-width-1-1 elementor-field-required\">\n\t\t\t\t\t\t\t<label for=\"message7e4cd04\" class=\"bdt-form-label\">Your Message*<\/label><div class=\"bdt-form-controls\"><textarea name=\"message\" id=\"message7e4cd04\" rows=\"5\" placeholder=\"Your Message Here\" class=\"bdt-textarea bdt-form-default\" required=\"required\"><\/textarea><\/div>\t\t\t\t\t\t<\/div>\n\t\t\t\t\t\n\t\t\t\t\t\n\n\t\t\t\t\t\n\t\t\t\t\t\n\t\t\t\t\t<input type=\"hidden\" class=\"widget_id\" name=\"widget_id\" value=\"7e4cd04\" \/>\n\t\t\t\t\t<input type=\"hidden\" name=\"bdt-sf-7e4cd04\" value=\"true\" \/>\n\t\t\t\t\t<input type=\"hidden\" class=\"page_id\" name=\"page_id\" value=\"77\" \/>\n\n\t\t\t\t\t<div class=\"elementor-field-type-submit bdt-field-group bdt-flex bdt-width-1-1\">\n\t\t\t\t\t\t<button type=\"submit\" class=\"elementor-button bdt-button bdt-button-primary\" name=\"submit\">\n\t\t\t\t\t\t\t\t\t\t\t\t\t\t\t<span>\n\t\t\t\t\t\t\t\t\tEnviar mensaje\t\t\t\t\t\t\t\t<\/span>\n\t\t\t\t\t\t\t\t\t\t\t\t\t<\/button>\n\t\t\t\t\t<\/div>\n\n\t\t\t\t\t<input name=\"_wpnonce\" value=\"0b8aac954c\" type=\"hidden\">\n\n\t\t\t\t\t<input type=\"hidden\" name=\"action\" value=\"element_pack_contact_form\" \/>\n\n\t\t\t\t\t\n\t\t\t<\/form>\n\t\t<\/div>\n\t\t\t\t\t<\/div>\n\t\t<\/div>\n\t\t\t\t\t\t<\/div>\n\t\t\t\t<\/div>\n\t\t\t\t<\/div>\n\t\t<div class=\"elementor-element elementor-element-dcf5aa8 e-con-full e-flex e-con e-child\" data-id=\"dcf5aa8\" data-element_type=\"container\">\n\t\t\t\t<div class=\"elementor-element elementor-element-c6fb313 elementor-widget elementor-widget-google_maps\" data-id=\"c6fb313\" data-element_type=\"widget\" data-widget_type=\"google_maps.default\">\n\t\t\t\t<div class=\"elementor-widget-container\">\n\t\t\t\t\t\t\t<div class=\"elementor-custom-embed\">\n\t\t\t<iframe loading=\"lazy\"\n\t\t\t\t\tsrc=\"https:\/\/maps.google.com\/maps?q=Calle%20CAMINO%20VIEJO%20DE%20ELDA%2C%201%20Petrer%20-%20Alicante%2FAlacant&#038;t=m&#038;z=10&#038;output=embed&#038;iwloc=near\"\n\t\t\t\t\ttitle=\"Calle CAMINO VIEJO DE ELDA, 1 Petrer - Alicante\/Alacant\"\n\t\t\t\t\taria-label=\"Calle CAMINO VIEJO DE ELDA, 1 Petrer - Alicante\/Alacant\"\n\t\t\t><\/iframe>\n\t\t<\/div>\n\t\t\t\t\t\t<\/div>\n\t\t\t\t<\/div>\n\t\t\t\t<\/div>\n\t\t\t\t\t<\/div>\n\t\t\t\t<\/div>\n\t\t\t\t<\/div>\n\t\t","protected":false},"excerpt":{"rendered":"<p>Bernabeu Laboral Contacto Bienvenidos a Bernabeu Laboral Contacto En Bernabeu Laboral nos especializamos en ofrecer ropa laboral de alta calidad, dise\u00f1ada para [&hellip;]<\/p>\n","protected":false},"author":2,"featured_media":0,"parent":0,"menu_order":0,"comment_status":"closed","ping_status":"closed","template":"","meta":{"footnotes":""},"class_list":["post-77","page","type-page","status-publish","hentry"],"_links":{"self":[{"href":"https:\/\/bernabeulaboral.es\/index.php?rest_route=\/wp\/v2\/pages\/77","targetHints":{"allow":["GET"]}}],"collection":[{"href":"https:\/\/bernabeulaboral.es\/index.php?rest_route=\/wp\/v2\/pages"}],"about":[{"href":"https:\/\/bernabeulaboral.es\/index.php?rest_route=\/wp\/v2\/types\/page"}],"author":[{"embeddable":true,"href":"https:\/\/bernabeulaboral.es\/index.php?rest_route=\/wp\/v2\/users\/2"}],"replies":[{"embeddable":true,"href":"https:\/\/bernabeulaboral.es\/index.php?rest_route=%2Fwp%2Fv2%2Fcomments&post=77"}],"version-history":[{"count":10,"href":"https:\/\/bernabeulaboral.es\/index.php?rest_route=\/wp\/v2\/pages\/77\/revisions"}],"predecessor-version":[{"id":136,"href":"https:\/\/bernabeulaboral.es\/index.php?rest_route=\/wp\/v2\/pages\/77\/revisions\/136"}],"wp:attachment":[{"href":"https:\/\/bernabeulaboral.es\/index.php?rest_route=%2Fwp%2Fv2%2Fmedia&parent=77"}],"curies":[{"name":"wp","href":"https:\/\/api.w.org\/{rel}","templated":true}]}}